{"id":195,"date":"2026-04-04T11:56:47","date_gmt":"2026-04-04T08:56:47","guid":{"rendered":"https:\/\/duyamo.com\/?post_type=product&#038;p=195"},"modified":"2026-04-04T11:56:47","modified_gmt":"2026-04-04T08:56:47","slug":"duyamo-3-rafli-cok-amacli-kitaplik-mat-beyaz-mdf-lam-69x55x25-cm-yavaslaticili-kapakli","status":"publish","type":"product","link":"https:\/\/duyamo.com\/index.php\/urun\/duyamo-3-rafli-cok-amacli-kitaplik-mat-beyaz-mdf-lam-69x55x25-cm-yavaslaticili-kapakli\/","title":{"rendered":"DUYAMO 3 Rafl\u0131 \u00c7ok Ama\u00e7l\u0131 Kitapl\u0131k Mat Beyaz MDF Lam 69x55x25 cm Yava\u015flat\u0131c\u0131l\u0131 Kapakl\u0131"},"content":{"rendered":"<p class=\"product-description-content\">Raf Bilgileri<\/p>\n<p class=\"product-description-content\">Raf Eni: 51.4 cm<\/p>\n<p class=\"product-description-content\">Raf Y\u00fcksekli\u011fi : 20cm<\/p>\n<p class=\"product-description-content\">Raf Tipi: \u00c7\u0131kart\u0131l\u0131p yer de\u011fi\u015ftirilebilir, Farkl\u0131 konuma tak\u0131labilir<\/p>\n<p class=\"product-description-content\">Raf Say\u0131s\u0131 : 3 G\u00f6zenekli<\/p>\n<p class=\"product-description-content\">\ud83d\udcdd \u00dcr\u00fcn A\u00e7\u0131klamas\u0131 Modern ve kullan\u0131\u015fl\u0131 tasar\u0131m\u0131yla \u00f6ne \u00e7\u0131kan 3 rafl\u0131 \u00e7ok ama\u00e7l\u0131 banyo dolab\u0131, ya\u015fam alanlar\u0131n\u0131zda d\u00fczen ve \u015f\u0131kl\u0131\u011f\u0131 bir araya getirir.<\/p>\n<p class=\"product-description-content\">Mat beyaz rengi ve kulpsuz tasar\u0131m\u0131 sayesinde minimal dekorasyonlara m\u00fckemmel uyum sa\u011flar.<\/p>\n<p class=\"product-description-content\">MDF lam malzemeden \u00fcretilmi\u015f dayan\u0131kl\u0131 yap\u0131s\u0131 ile uzun \u00f6m\u00fcrl\u00fc kullan\u0131m sunar.<\/p>\n<p class=\"product-description-content\">Nemli ortamlara uygun yap\u0131s\u0131 sayesinde \u00f6zellikle banyo dolab\u0131 olarak tercih edilebilir.<\/p>\n<p class=\"product-description-content\">\u0130\u00e7 k\u0131sm\u0131nda bulunan 3 adet ayarlanabilir (seyyar) raf, ihtiyac\u0131n\u0131za g\u00f6re \u00e7\u0131kar\u0131l\u0131p farkl\u0131 seviyelere yerle\u015ftirilebilir.<\/p>\n<p class=\"product-description-content\">Bu \u00f6zellik sayesinde farkl\u0131 boyutlardaki \u00fcr\u00fcnleri rahatl\u0131kla depolayabilirsiniz.<\/p>\n<p class=\"product-description-content\">Kapaklarda kullan\u0131lan yava\u015flat\u0131c\u0131l\u0131 mente\u015fe sistemi, sessiz ve konforlu bir kullan\u0131m sa\u011flar.<\/p>\n<p class=\"product-description-content\">\u00c7arpma ve g\u00fcr\u00fclt\u00fcy\u00fc \u00f6nler.<\/p>\n<p class=\"product-description-content\">Kulpsuz tasar\u0131m\u0131, alt k\u0131s\u0131mdaki \u00f6zel tutma alan\u0131 ile hem estetik hem de pratik kullan\u0131m sunar.<\/p>\n<p class=\"product-description-content\">Sadece banyo i\u00e7in de\u011fil<\/p>\n<p class=\"product-description-content\">\u2714 Mutfak dolab\u0131<\/p>\n<p class=\"product-description-content\">\u2714 Kiler dolab\u0131<\/p>\n<p class=\"product-description-content\">\u2714 Oyuncak dolab\u0131<\/p>\n<p class=\"product-description-content\">\u2714 Kitapl\u0131k<\/p>\n<p class=\"product-description-content\">\u2714 \u00c7ok ama\u00e7l\u0131 dolap olarak da rahatl\u0131kla kullan\u0131labilir.<\/p>\n<p class=\"product-description-content\">\u00dcr\u00fcn demonte olarak g\u00f6nderilmektedir.<\/p>\n<p class=\"product-description-content\">Kurulum s\u0131ras\u0131nda duvara sabitleme i\u00e7in matkap gereklidir.<\/p>\n<p class=\"product-description-content\">Ask\u0131 aparatlar\u0131 kutu i\u00e7erisinde yer almaktad\u0131r.<\/p>\n<p class=\"product-description-content\">\u2b50 \u00dcr\u00fcn \u00d6zellikleri<\/p>\n<p class=\"product-description-content\">Y\u00fckseklik: 69 cm<\/p>\n<p class=\"product-description-content\">Geni\u015flik: 55 cm<\/p>\n<p class=\"product-description-content\">Derinlik: 25,2 cm<\/p>\n<p class=\"product-description-content\">Malzeme: MDF Lam<\/p>\n<p class=\"product-description-content\">Renk: Mat Beyaz<\/p>\n<p class=\"product-description-content\">Raf Say\u0131s\u0131: 3 Adet (Ayarlanabilir \/ Seyyar)<\/p>\n<p class=\"product-description-content\">Kapak: Yava\u015flat\u0131c\u0131l\u0131 mente\u015fe sistemi<\/p>\n<p class=\"product-description-content\">Tasar\u0131m: Kulpsuz (alt tutma alanl\u0131)<\/p>\n<p class=\"product-description-content\">Kurulum: Demonte g\u00f6nderim<\/p>\n<p class=\"product-description-content\">Montaj: Duvara sabitlenir<\/p>\n<p class=\"product-description-content\">Ask\u0131 Aparat\u0131: Kutu i\u00e7erisinde mevcut<\/p>\n","protected":false},"excerpt":{"rendered":"<p>Raf Bilgileri Raf Eni: 51.4 cm Raf Y\u00fcksekli\u011fi : 20cm Raf Tipi: \u00c7\u0131kart\u0131l\u0131p yer de\u011fi\u015ftirilebilir, Farkl\u0131 konuma tak\u0131labilir Raf Say\u0131s\u0131 : 3 G\u00f6zenekli \ud83d\udcdd \u00dcr\u00fcn A\u00e7\u0131klamas\u0131 Modern ve kullan\u0131\u015fl\u0131 tasar\u0131m\u0131yla \u00f6ne \u00e7\u0131kan 3 rafl\u0131 \u00e7ok ama\u00e7l\u0131 banyo dolab\u0131, ya\u015fam alanlar\u0131n\u0131zda d\u00fczen ve \u015f\u0131kl\u0131\u011f\u0131 bir araya getirir. Mat beyaz rengi ve kulpsuz tasar\u0131m\u0131 sayesinde minimal dekorasyonlara&#8230;<\/p>\n","protected":false},"featured_media":192,"comment_status":"open","ping_status":"closed","template":"","meta":{"_kadence_starter_templates_imported_post":false,"_kad_post_transparent":"default","_kad_post_title":"","_kad_post_layout":"default","_kad_post_sidebar_id":"","_kad_post_content_style":"default","_kad_post_vertical_padding":"default","_kad_post_feature":"","_kad_post_feature_position":"","_kad_post_header":false,"_kad_post_footer":false},"product_brand":[31],"product_cat":[24],"product_tag":[],"class_list":{"0":"post-195","1":"product","2":"type-product","3":"status-publish","4":"has-post-thumbnail","6":"product_brand-duyamo","7":"product_cat-kitapliklar","9":"first","10":"instock","11":"shipping-taxable","12":"purchasable","13":"product-type-simple","14":"entry","15":"content-bg","16":"loop-entry"},"aioseo_notices":[],"jetpack_sharing_enabled":true,"_links":{"self":[{"href":"https:\/\/duyamo.com\/index.php\/wp-json\/wp\/v2\/product\/195","targetHints":{"allow":["GET"]}}],"collection":[{"href":"https:\/\/duyamo.com\/index.php\/wp-json\/wp\/v2\/product"}],"about":[{"href":"https:\/\/duyamo.com\/index.php\/wp-json\/wp\/v2\/types\/product"}],"replies":[{"embeddable":true,"href":"https:\/\/duyamo.com\/index.php\/wp-json\/wp\/v2\/comments?post=195"}],"wp:featuredmedia":[{"embeddable":true,"href":"https:\/\/duyamo.com\/index.php\/wp-json\/wp\/v2\/media\/192"}],"wp:attachment":[{"href":"https:\/\/duyamo.com\/index.php\/wp-json\/wp\/v2\/media?parent=195"}],"wp:term":[{"taxonomy":"product_brand","embeddable":true,"href":"https:\/\/duyamo.com\/index.php\/wp-json\/wp\/v2\/product_brand?post=195"},{"taxonomy":"product_cat","embeddable":true,"href":"https:\/\/duyamo.com\/index.php\/wp-json\/wp\/v2\/product_cat?post=195"},{"taxonomy":"product_tag","embeddable":true,"href":"https:\/\/duyamo.com\/index.php\/wp-json\/wp\/v2\/product_tag?post=195"}],"curies":[{"name":"wp","href":"https:\/\/api.w.org\/{rel}","templated":true}]}}