{"id":133,"date":"2025-09-02T18:22:35","date_gmt":"2025-09-02T15:22:35","guid":{"rendered":"https:\/\/duyamo.com\/?post_type=product&#038;p=133"},"modified":"2025-09-02T20:06:37","modified_gmt":"2025-09-02T17:06:37","slug":"duyamo-mdf-kelebek-yan-sehpa-mese-ahsap","status":"publish","type":"product","link":"https:\/\/duyamo.com\/index.php\/urun\/duyamo-mdf-kelebek-yan-sehpa-mese-ahsap\/","title":{"rendered":"DUYAMO &#8220;MDF&#8221; Kelebek Yan Sehpa Me\u015fe Ah\u015fap"},"content":{"rendered":"<ul>\n<li>Y\u00fckseklik : 47cm<\/li>\n<li>Geni\u015flik: 44cm<\/li>\n<li>Derinlik: 44cm<\/li>\n<li>\u00dcr\u00fcn demonte \u015fekilde kutu i\u00e7erisinde g\u00f6nderilir, par\u00e7alar\u0131 yapboz misali bir araya getirerek sabitleme vidas\u0131 atman\u0131z gerek,<\/li>\n<li>Do\u011fal ah\u015fap dokusuyla evinizin dekorasyonuna s\u0131cakl\u0131k katan MDF kelebek sehpa, modern tasar\u0131m\u0131yla dikkat \u00e7eker.<\/li>\n<li>\u00dc\u00e7 par\u00e7adan olu\u015fan set halinde sunulan bu \u00fcr\u00fcn, hem fonksiyonel hem de estetik bir \u00e7\u00f6z\u00fcm sunar.<\/li>\n<li>A\u00e7\u0131k Sar\u0131 tonlar\u0131ndaki materyaliyle mekan\u0131n\u0131za zenginlik katarken, me\u015fe rengiyle de kolayca uyum sa\u011flar.<\/li>\n<li>Geometrik \u015fekli sayesinde minimalist ve \u015f\u0131k bir g\u00f6r\u00fcn\u00fcm sergileyerek her t\u00fcrl\u00fc i\u00e7 mekan tasar\u0131m\u0131na sorunsuzca adapte olur.<\/li>\n<li>Modern tema ve stil anlay\u0131\u015f\u0131n\u0131 yans\u0131tan bu sehpa, \u00e7a\u011fda\u015f ya\u015fam alanlar\u0131n\u0131n vazge\u00e7ilmez bir par\u00e7as\u0131 haline gelir.<\/li>\n<\/ul>\n","protected":false},"excerpt":{"rendered":"<ul>\n<li>Y\u00fckseklik : 47cm<\/li>\n<li>Geni\u015flik: 44cm<\/li>\n<li>Derinlik: 44cm<\/li>\n<\/ul>\n","protected":false},"featured_media":134,"comment_status":"open","ping_status":"closed","template":"","meta":{"_kadence_starter_templates_imported_post":false,"_kad_post_transparent":"disable","_kad_post_title":"","_kad_post_layout":"default","_kad_post_sidebar_id":"","_kad_post_content_style":"default","_kad_post_vertical_padding":"default","_kad_post_feature":"","_kad_post_feature_position":"","_kad_post_header":false,"_kad_post_footer":false},"product_brand":[31],"product_cat":[30],"product_tag":[],"class_list":{"0":"post-133","1":"product","2":"type-product","3":"status-publish","4":"has-post-thumbnail","6":"product_brand-duyamo","7":"product_cat-yan-sehpa","9":"first","10":"instock","11":"sale","12":"shipping-taxable","13":"purchasable","14":"product-type-simple","15":"entry","16":"content-bg","17":"loop-entry"},"aioseo_notices":[],"jetpack_sharing_enabled":true,"_links":{"self":[{"href":"https:\/\/duyamo.com\/index.php\/wp-json\/wp\/v2\/product\/133","targetHints":{"allow":["GET"]}}],"collection":[{"href":"https:\/\/duyamo.com\/index.php\/wp-json\/wp\/v2\/product"}],"about":[{"href":"https:\/\/duyamo.com\/index.php\/wp-json\/wp\/v2\/types\/product"}],"replies":[{"embeddable":true,"href":"https:\/\/duyamo.com\/index.php\/wp-json\/wp\/v2\/comments?post=133"}],"wp:featuredmedia":[{"embeddable":true,"href":"https:\/\/duyamo.com\/index.php\/wp-json\/wp\/v2\/media\/134"}],"wp:attachment":[{"href":"https:\/\/duyamo.com\/index.php\/wp-json\/wp\/v2\/media?parent=133"}],"wp:term":[{"taxonomy":"product_brand","embeddable":true,"href":"https:\/\/duyamo.com\/index.php\/wp-json\/wp\/v2\/product_brand?post=133"},{"taxonomy":"product_cat","embeddable":true,"href":"https:\/\/duyamo.com\/index.php\/wp-json\/wp\/v2\/product_cat?post=133"},{"taxonomy":"product_tag","embeddable":true,"href":"https:\/\/duyamo.com\/index.php\/wp-json\/wp\/v2\/product_tag?post=133"}],"curies":[{"name":"wp","href":"https:\/\/api.w.org\/{rel}","templated":true}]}}